{"id":8,"date":"2022-12-18T15:31:52","date_gmt":"2022-12-18T15:31:52","guid":{"rendered":"https:\/\/shiatsu-meissen.de\/?page_id=8"},"modified":"2023-05-02T20:43:48","modified_gmt":"2023-05-02T20:43:48","slug":"start","status":"publish","type":"page","link":"https:\/\/shiatsu-meissen.de\/","title":{"rendered":"<strong>Willkommen<\/strong>"},"content":{"rendered":"\n<blockquote class=\"wp-block-quote\">\n<p>Wenn die Achtsamkeit etwas Sch\u00f6nes ber\u00fchrt, offenbart sie dessen Sch\u00f6nheit. Wenn sie etwas Schmerzvolles ber\u00fchrt, wandelt sie es um und heilt es.<\/p>\n<cite>Thich Nhat Hanh<\/cite><\/blockquote>\n\n\n\n<p><\/p>\n\n\n\n<p>Herzlich willkommen hier auf meiner Webseite und in meinem ShenDo-Shiatsu-Raum.<\/p>\n\n\n\n<p>Ich lade dich herzlich ein, dich ber\u00fchren zu lassen auf allen Ebenen, deinen K\u00f6rper, deinen Geist und deine Seele.<\/p>\n\n\n\n<p><strong>Gute Gr\u00fcnde f\u00fcr ShenDo Shiatsu:<\/strong><\/p>\n\n\n\n<ul>\n<li>Loslassen\u2026<\/li>\n\n\n\n<li>Entspannen\u2026<\/li>\n\n\n\n<li>Sich gehalten f\u00fchlen\u2026<\/li>\n\n\n\n<li>Achtsam sein\u2026<\/li>\n\n\n\n<li>Weite sp\u00fcren\u2026<\/li>\n\n\n\n<li>Heilsam ber\u00fchren\u2026<\/li>\n\n\n\n<li>Lebenskr\u00e4fte wecken\u2026<\/li>\n<\/ul>\n","protected":false},"excerpt":{"rendered":"<p>Wenn die Achtsamkeit etwas Sch\u00f6nes ber\u00fchrt, offenbart sie dessen Sch\u00f6nheit. Wenn sie etwas Schmerzvolles ber\u00fchrt, wandelt sie es um und heilt es. Thich Nhat Hanh Herzlich willkommen hier auf meiner Webseite und in meinem ShenDo-Shiatsu-Raum. Ich lade dich herzlich ein, dich ber\u00fchren zu lassen auf allen Ebenen, deinen K\u00f6rper, deinen Geist und deine Seele. Gute &hellip; <\/p>\n<p class=\"link-more\"><a href=\"https:\/\/shiatsu-meissen.de\/\" class=\"more-link\"><span class=\"screen-reader-text\">\u201e<strong>Willkommen<\/strong>\u201c<\/span> weiterlesen<\/a><\/p>\n","protected":false},"author":1,"featured_media":12,"parent":0,"menu_order":0,"comment_status":"closed","ping_status":"closed","template":"","meta":[],"_links":{"self":[{"href":"https:\/\/shiatsu-meissen.de\/index.php?rest_route=\/wp\/v2\/pages\/8"}],"collection":[{"href":"https:\/\/shiatsu-meissen.de\/index.php?rest_route=\/wp\/v2\/pages"}],"about":[{"href":"https:\/\/shiatsu-meissen.de\/index.php?rest_route=\/wp\/v2\/types\/page"}],"author":[{"embeddable":true,"href":"https:\/\/shiatsu-meissen.de\/index.php?rest_route=\/wp\/v2\/users\/1"}],"replies":[{"embeddable":true,"href":"https:\/\/shiatsu-meissen.de\/index.php?rest_route=%2Fwp%2Fv2%2Fcomments&post=8"}],"version-history":[{"count":4,"href":"https:\/\/shiatsu-meissen.de\/index.php?rest_route=\/wp\/v2\/pages\/8\/revisions"}],"predecessor-version":[{"id":106,"href":"https:\/\/shiatsu-meissen.de\/index.php?rest_route=\/wp\/v2\/pages\/8\/revisions\/106"}],"wp:featuredmedia":[{"embeddable":true,"href":"https:\/\/shiatsu-meissen.de\/index.php?rest_route=\/wp\/v2\/media\/12"}],"wp:attachment":[{"href":"https:\/\/shiatsu-meissen.de\/index.php?rest_route=%2Fwp%2Fv2%2Fmedia&parent=8"}],"curies":[{"name":"wp","href":"https:\/\/api.w.org\/{rel}","templated":true}]}}