{"id":33,"date":"2023-04-29T13:45:34","date_gmt":"2023-04-29T13:45:34","guid":{"rendered":"https:\/\/shiatsu-meissen.de\/?page_id=33"},"modified":"2023-04-29T15:10:44","modified_gmt":"2023-04-29T15:10:44","slug":"ueber-mich","status":"publish","type":"page","link":"https:\/\/shiatsu-meissen.de\/?page_id=33","title":{"rendered":"\u00dcber mich"},"content":{"rendered":"\n<blockquote class=\"wp-block-quote\">\n<p>Tu das, was du liebst, f\u00fchle in dir, was da ist. Was du der Welt geben kannst und was deine Gabe ist. Und dann: geh hin, mach es, weil es dich erf\u00fcllen wird.<\/p>\n<cite>Ulrike Hirsch<\/cite><\/blockquote>\n\n\n\n<p><\/p>\n\n\n\n<figure class=\"wp-block-image size-large is-resized\"><img decoding=\"async\" loading=\"lazy\" src=\"https:\/\/shiatsu-meissen.de\/wp-content\/uploads\/2023\/04\/IMG_0321-1024x578.jpg\" alt=\"\" class=\"wp-image-40\" width=\"661\" height=\"372\" srcset=\"https:\/\/shiatsu-meissen.de\/wp-content\/uploads\/2023\/04\/IMG_0321-1024x578.jpg 1024w, https:\/\/shiatsu-meissen.de\/wp-content\/uploads\/2023\/04\/IMG_0321-300x169.jpg 300w, https:\/\/shiatsu-meissen.de\/wp-content\/uploads\/2023\/04\/IMG_0321-1536x867.jpg 1536w, https:\/\/shiatsu-meissen.de\/wp-content\/uploads\/2023\/04\/IMG_0321-2048x1156.jpg 2048w\" sizes=\"(max-width: 661px) 100vw, 661px\" \/><\/figure>\n\n\n\n<p>Mein Name ist Katrin Bretschneider.<\/p>\n\n\n\n<p>Seit 1992 arbeite ich als Physiotherapeutin. Mit Menschen zu arbeiten, sie ein St\u00fcck auf ihrem Heilungsweg zu begleiten, ist f\u00fcr mich etwas Gro\u00dfartiges.<\/p>\n\n\n\n<p>1998 entdeckte ich in einer Zeitschrift Shiatsu \u2013 und bin dem ShenDo Shiatsu seitdem verfallen. Ich begann, mehrere Kurse zu belegen, wann immer die Zeit es erlaubte (mit einer gro\u00dfen Familie nicht so einfach).<\/p>\n\n\n\n<p>Das Shiatsu lie\u00df mich nicht los, ich wollte \u201emehr\u201c davon. Als meine Kinder gro\u00df genug waren, konnte ich 2018 endlich noch das abschlie\u00dfende Praktikertraining absolvieren und damit die Sache f\u00fcr mich \u201erund\u201c machen.<\/p>\n\n\n\n<p>Ich hatte und habe wunderbare Lehrer und Lehrerinnen, denen ich sehr dankbar bin f\u00fcr alles, was ich durch sie erfahren durfte. Sie haben mir eine unglaublich sch\u00f6ne Welt er\u00f6ffnet \u2013 die Welt des Shiatsu. Und es h\u00f6rt nicht auf.<\/p>\n\n\n\n<p>Ich danke all meinen Klienten und Klientinnen, denn auch durch sie lerne ich immer wieder neue und spannende Dinge.<\/p>\n\n\n\n<p>Seit 2018 bin ich Mitglied im ShenDo Shiatsu Verband und bilde mich regelm\u00e4\u00dfig weiter.<\/p>\n\n\n\n<blockquote class=\"wp-block-quote\">\n<p><\/p>\n<\/blockquote>\n","protected":false},"excerpt":{"rendered":"<p>Tu das, was du liebst, f\u00fchle in dir, was da ist. Was du der Welt geben kannst und was deine Gabe ist. Und dann: geh hin, mach es, weil es dich erf\u00fcllen wird. Ulrike Hirsch Mein Name ist Katrin Bretschneider. Seit 1992 arbeite ich als Physiotherapeutin. Mit Menschen zu arbeiten, sie ein St\u00fcck auf ihrem &hellip; <\/p>\n<p class=\"link-more\"><a href=\"https:\/\/shiatsu-meissen.de\/?page_id=33\" class=\"more-link\"><span class=\"screen-reader-text\">\u201e\u00dcber mich\u201c<\/span> weiterlesen<\/a><\/p>\n","protected":false},"author":1,"featured_media":0,"parent":0,"menu_order":0,"comment_status":"closed","ping_status":"closed","template":"","meta":[],"_links":{"self":[{"href":"https:\/\/shiatsu-meissen.de\/index.php?rest_route=\/wp\/v2\/pages\/33"}],"collection":[{"href":"https:\/\/shiatsu-meissen.de\/index.php?rest_route=\/wp\/v2\/pages"}],"about":[{"href":"https:\/\/shiatsu-meissen.de\/index.php?rest_route=\/wp\/v2\/types\/page"}],"author":[{"embeddable":true,"href":"https:\/\/shiatsu-meissen.de\/index.php?rest_route=\/wp\/v2\/users\/1"}],"replies":[{"embeddable":true,"href":"https:\/\/shiatsu-meissen.de\/index.php?rest_route=%2Fwp%2Fv2%2Fcomments&post=33"}],"version-history":[{"count":7,"href":"https:\/\/shiatsu-meissen.de\/index.php?rest_route=\/wp\/v2\/pages\/33\/revisions"}],"predecessor-version":[{"id":90,"href":"https:\/\/shiatsu-meissen.de\/index.php?rest_route=\/wp\/v2\/pages\/33\/revisions\/90"}],"wp:attachment":[{"href":"https:\/\/shiatsu-meissen.de\/index.php?rest_route=%2Fwp%2Fv2%2Fmedia&parent=33"}],"curies":[{"name":"wp","href":"https:\/\/api.w.org\/{rel}","templated":true}]}}