{"id":21,"date":"2023-04-29T13:40:09","date_gmt":"2023-04-29T13:40:09","guid":{"rendered":"https:\/\/shiatsu-meissen.de\/?page_id=21"},"modified":"2023-04-29T14:58:23","modified_gmt":"2023-04-29T14:58:23","slug":"was-ist-shendo-shiatsu","status":"publish","type":"page","link":"https:\/\/shiatsu-meissen.de\/?page_id=21","title":{"rendered":"Was ist ShenDo Shiatsu?"},"content":{"rendered":"\n<blockquote class=\"wp-block-quote\">\n<p><em>Shiatsu ist\u00a0zu gro\u00df, um es wirklich zu fassen. Es ist zu individuell, um es in einfachen Kategorien zu erkl\u00e4ren. Es ist so geheimnisvoll und gro\u00dfartig wie das Leben selbst<\/em>.<\/p>\n<cite>Achim Schrievers<\/cite><\/blockquote>\n\n\n\n<p><\/p>\n\n\n\n<p>Shiatsu ist japanisch und bedeutet w\u00f6rtlich \u00fcbersetzt \u201eFingerdruck\u201c. Es ist ein neuer Name f\u00fcr die \u00e4lteste Form der Medizin: das Heilen mit den H\u00e4nden<\/p>\n\n\n\n<h5>ENTWICKLUNG VON SHIATSU IN JAPAN<\/h5>\n\n\n\n<p>Shiatsu entstand Anfang des 20. Jahrhunderts in Japan und entwickelte sich aus der traditionellen alten Massageform Anma sowie aus neueren westlichen medizinischen und therapeutischen Erkenntnissen. 1964 wurde Shiatsu von der japanischen Regierung offiziell als Therapie anerkannt.<\/p>\n\n\n\n<h5>CHINESISCHE URSPR\u00dcNGE<\/h5>\n\n\n\n<p>Seinen Ursprung hat Shiatsu in der Traditionellen Chinesischen Medizin. Die chinesische Medizin wurde im 6. Jahrhundert durch einen buddhistischen M\u00f6nch nach Japan gebracht und dort im Laufe der Zeit weiterentwickelt und durch verschiedene manuelle Heil- und Diagnoseverfahren erg\u00e4nzt.<\/p>\n\n\n\n<h5>VERSCHIEDENE SHIATSU-STILE<\/h5>\n\n\n\n<p>Einige der fr\u00fcheren Shiatsu-Therapeuten entwickelten ihren eigenen Stil und gr\u00fcndeten Schulen, die zur Anerkennung von Shiatsu als Therapie wesentlich beitrugen, so zum Beispiel Tokujiro Namikoshi und Shizuto Masunaga. Manche Stile legen ihr Augenmerk eher auf Akupressurpunkte, andere arbeiten mehr mit dem ganzen K\u00f6rper und den Energiebahnen, den Meridianen oder stellen besondere Diagnosesysteme in den Vordergrund. Alle basieren jedoch auf der Traditionellen Chinesischen Medizin.<\/p>\n\n\n\n<h5>ShenDo Shiatsu<\/h5>\n\n\n\n<p>ShenDo Shiatsu ist eine besondere Form des Shiatsu. Sie ist hervorgegangen aus den Lehren von Tokujiro Namikoshi und hat sich seit 1990 allen wesentlichen Entwicklungen im Shiatsu ge\u00f6ffnet, ohne seine japanischen Wurzeln zu vergessen.<\/p>\n\n\n\n<p>Die Grundlage von ShenDo Shiatsu sind das chinesisch-taoistische Verst\u00e4ndnis von Energie (chin. \u201eQi\u201c, jap. \u201eKi\u201c), das Modell der F\u00fcnf Elemente\/F\u00fcnf Wandlungsphasen und verschiedene Massagetechniken.<\/p>\n\n\n\n<p>\u201eShen\u201c ist der Geist des Herzens, die Kraft, die unsere Augen funkeln l\u00e4sst, unsere Begeisterung und Freude am Leben weckt. \u201eDo\u201c ist der Weg.<\/p>\n\n\n\n<h5>ShenDo Shiatsu ist damit Begleitung auf dem Weg zu mehr Gesundheit und Lebensfreude.<\/h5>\n\n\n\n<p>Im ShenDo Shiatsu wird sanfter, manchmal auch tiefgehender Druck entlang der Energiebahnen, der Meridiane, angewandt, verbunden mit anderen Techniken der K\u00f6rperarbeit wie sanfte Dehnung von Muskeln, Rotation und Lockerung der Gelenke, Bindegewebs- und Massagetechniken und Akupressur.<\/p>\n\n\n\n<p>Meridiane sind wie Fl\u00fcsse und B\u00e4che in der Landschaft unseres K\u00f6rpers. Sind die Energiebahnen blockiert, zum Beispiel durch Stress, Ersch\u00f6pfung, k\u00f6rperliche Anspannung und andere Faktoren, kann unsere Energie nicht richtig flie\u00dfen, f\u00fchlen wir uns vielleicht m\u00fcde und ausgelaugt, haben wir Schmerzen, sind wir seelisch nicht im Gleichgewicht.<\/p>\n\n\n\n<h5>ShenDo Shiatsu unterst\u00fctzt den freien Fluss der Lebensenergie.<\/h5>\n\n\n\n<p>Das Nervensystem entspannt sich, die Beweglichkeit des K\u00f6rpers wird gef\u00f6rdert, der Stoffwechsel wird angeregt, Regeneration geschieht.<\/p>\n\n\n\n<p>Die achtsame Ber\u00fchrung im ShenDo Shiatsu l\u00e4sst uns wieder im eigenen K\u00f6rper ankommen, bringt uns zur\u00fcck in unsere eigene Mitte. Etwas in uns kommt in Bewegung und schafft damit Raum f\u00fcr Ver\u00e4nderung und Heilung. Nach einer ShenDo Shiatsu Sitzung k\u00f6nnen wir uns erfrischt, gest\u00e4rkt, neu sortiert und gleichzeitig entspannt f\u00fchlen.<\/p>\n\n\n\n<p>ShenDo Shiatsu ist keine Therapie und ersetzt nicht den Heilpraktiker oder Arzt.<\/p>\n","protected":false},"excerpt":{"rendered":"<p>Shiatsu ist\u00a0zu gro\u00df, um es wirklich zu fassen. Es ist zu individuell, um es in einfachen Kategorien zu erkl\u00e4ren. Es ist so geheimnisvoll und gro\u00dfartig wie das Leben selbst. Achim Schrievers Shiatsu ist japanisch und bedeutet w\u00f6rtlich \u00fcbersetzt \u201eFingerdruck\u201c. Es ist ein neuer Name f\u00fcr die \u00e4lteste Form der Medizin: das Heilen mit den H\u00e4nden &hellip; <\/p>\n<p class=\"link-more\"><a href=\"https:\/\/shiatsu-meissen.de\/?page_id=21\" class=\"more-link\"><span class=\"screen-reader-text\">\u201eWas ist ShenDo Shiatsu?\u201c<\/span> weiterlesen<\/a><\/p>\n","protected":false},"author":1,"featured_media":0,"parent":0,"menu_order":0,"comment_status":"closed","ping_status":"closed","template":"","meta":[],"_links":{"self":[{"href":"https:\/\/shiatsu-meissen.de\/index.php?rest_route=\/wp\/v2\/pages\/21"}],"collection":[{"href":"https:\/\/shiatsu-meissen.de\/index.php?rest_route=\/wp\/v2\/pages"}],"about":[{"href":"https:\/\/shiatsu-meissen.de\/index.php?rest_route=\/wp\/v2\/types\/page"}],"author":[{"embeddable":true,"href":"https:\/\/shiatsu-meissen.de\/index.php?rest_route=\/wp\/v2\/users\/1"}],"replies":[{"embeddable":true,"href":"https:\/\/shiatsu-meissen.de\/index.php?rest_route=%2Fwp%2Fv2%2Fcomments&post=21"}],"version-history":[{"count":4,"href":"https:\/\/shiatsu-meissen.de\/index.php?rest_route=\/wp\/v2\/pages\/21\/revisions"}],"predecessor-version":[{"id":82,"href":"https:\/\/shiatsu-meissen.de\/index.php?rest_route=\/wp\/v2\/pages\/21\/revisions\/82"}],"wp:attachment":[{"href":"https:\/\/shiatsu-meissen.de\/index.php?rest_route=%2Fwp%2Fv2%2Fmedia&parent=21"}],"curies":[{"name":"wp","href":"https:\/\/api.w.org\/{rel}","templated":true}]}}